{"id":300,"date":"2025-05-18T16:31:22","date_gmt":"2025-05-18T16:31:22","guid":{"rendered":"http:\/\/lianzhang.co.uk\/?page_id=300"},"modified":"2025-05-24T20:39:51","modified_gmt":"2025-05-24T20:39:51","slug":"300-2","status":"publish","type":"page","link":"http:\/\/lianzhang.co.uk\/?page_id=300","title":{"rendered":"press"},"content":{"rendered":"\n<a href=\"https:\/\/www.artforum.com\/events\/lian-zhang-250663\/\" target=\"_blank\">\n  <img decoding=\"async\" src=\"http:\/\/lianzhang.co.uk\/wp-content\/uploads\/2025\/05\/artforum-2022.jpg\" alt=\"press\" style=\"max-width:250px; height:auto;\" \/>\n<\/a><\/br>\n<a href=\"https:\/\/www.artforum.com\/events\/lian-zhang-250663\/\" target=\"_blank\" rel=\"noreferrer noopener\"><em>ArtForum<\/em>&nbsp;2022 the year in review VOL. 61, NO. 4<\/a> <a href=\"https:\/\/www.artforum.com\/events\/lian-zhang-250663\/\" target=\"_blank\" rel=\"noreferrer noopener\"> by Annabel Osberg <\/a>\n\n\n\n<p><a href=\"https:\/\/www.artforum.com\/events\/lian-zhang-250663\/\" target=\"_blank\" rel=\"noreferrer noopener\"><\/a><\/p>\n\n\n\n<a href=\"http:\/\/lianzhang.co.uk\/wp-content\/uploads\/2025\/05\/Screenshot-2025-05-24-at-10.31.58.png\">\n  <img decoding=\"async\" src=\"http:\/\/lianzhang.co.uk\/wp-content\/uploads\/2025\/05\/Screenshot-2025-05-24-at-10.38.01.png\" alt=\"press\" style=\"max-width:250px; height:auto;\" \/>\n<\/a><\/br>\n<em><a href=\"http:\/\/lianzhang.co.uk\/wp-content\/uploads\/2025\/05\/Screenshot-2025-05-24-at-10.31.58.png\" target=\"_blank\" rel=\"noreferrer noopener\">ACNE PAPER<\/em> issue 17 ATTICUS<\/a>\n\n\n\n<p><a href=\"http:\/\/lianzhang.co.uk\/wp-content\/uploads\/2025\/05\/WechatIMG38925.jpeg\">\n  <img decoding=\"async\" src=\"http:\/\/lianzhang.co.uk\/wp-content\/uploads\/2025\/05\/WechatIMG38924.jpeg\" alt=\"press\" style=\"max-width:250px; height:auto;\" \/>\n<\/a><\/br>\n<a href=\"https:\/\/issuu.com\/artmazemag\" target=\"_blank\" rel=\"noreferrer noopener\"><em>Art Maze Magazine<\/em>&nbsp;issue 19<\/a><\/p>\n\n\n\n<p><a href=\"http:\/\/lianzhang.co.uk\/wp-content\/uploads\/2025\/05\/WechatIMG38927.jpeg\">\n  <img decoding=\"async\" src=\"http:\/\/lianzhang.co.uk\/wp-content\/uploads\/2025\/05\/WechatIMG38926.jpeg\" alt=\"press\" style=\"max-width:250px; height:auto;\" \/>\n<\/a><\/br>\n<a href=\"https:\/\/issuu.com\/artmazemag\" target=\"_blank\" rel=\"noreferrer noopener\"><em>Art Maze Magazine<\/em>&nbsp;issue 20<\/a><\/p>\n\n\n\n<p><a href=\"http:\/\/lianzhang.co.uk\/wp-content\/uploads\/2025\/05\/WechatIMG38929.jpeg\">\n  <img decoding=\"async\" src=\"http:\/\/lianzhang.co.uk\/wp-content\/uploads\/2025\/05\/WechatIMG38928.jpeg\" alt=\"press\" style=\"max-width:250px; height:auto;\" \/>\n<\/a><\/br>\n<a href=\"https:\/\/issuu.com\/artmazemag\" target=\"_blank\" rel=\"noreferrer noopener\"><em>Art Maze Magazine<\/em>&nbsp;the anniversary issue 22<\/a><\/p>\n\n\n\n<p><a href=\"http:\/\/lianzhang.co.uk\/wp-content\/uploads\/2025\/05\/artisn1.jpg\">\n  <img decoding=\"async\" src=\"http:\/\/lianzhang.co.uk\/wp-content\/uploads\/2025\/05\/artsinsquare.jpg\" alt=\"press\" style=\"max-width:250px; height:auto;\" \/><\/a><\/br>\n<a href=\"https:\/\/artsinsquare.squarespace.com\/magazines\" target=\"_blank\" rel=\"noreferrer noopener\"><em>Artsin Square Magazine<\/em> 1st issue<\/a>  <\/p>\n\n\n\n<p>\n<a href=\"https:\/\/www.tdg.ch\/en-avril-decouvrez-statues-de-verre-et-jolies-huiles-587797495579\">\n  <img decoding=\"async\" src=\"http:\/\/lianzhang.co.uk\/wp-content\/uploads\/2025\/05\/TDG.png\" alt=\"press\" style=\"max-width:250px; height:auto;\" \/><\/a><\/br>\n<a href=\"https:\/\/www.tdg.ch\/en-avril-decouvrez-statues-de-verre-et-jolies-huiles-587797495579\" target=\"_blank\" rel=\"noreferrer noopener\">  <em>Tribune de Gen\u00e8ve<\/em><\/a> <a href=\"https:\/\/www.tdg.ch\/en-avril-decouvrez-statues-de-verre-et-jolies-huiles-587797495579\" target=\"_blank\" rel=\"noreferrer noopener\">En avril, d\u00e9couvrez statues de verre et jolies huiles <\/a><\/p>\n\n\n\n<p><a href=\"http:\/\/lianzhang.co.uk\/wp-content\/uploads\/2025\/05\/si-12th.pdf\">\n  <img decoding=\"async\" src=\"http:\/\/lianzhang.co.uk\/wp-content\/uploads\/2025\/05\/1Si-March.png\" alt=\"press\" style=\"max-width:250px; height:auto;\" \/><\/a><\/br>\n\n<a href=\"http:\/\/lianzhang.co.uk\/wp-content\/uploads\/2025\/05\/si-12th.pdf\"><em>S\u00ec<\/em> March 2014 No. 12<\/a><\/p>\n","protected":false},"excerpt":{"rendered":"<p>ArtForum&nbsp;2022 the year in review VOL. 61, NO. 4 by Annabel Osberg ACNE PAPER issue 17 ATTICUS Art Maze Magazine&nbsp;issue 19 Art Maze Magazine&nbsp;issue 20 Art Maze Magazine&nbsp;the anniversary issue 22 Artsin Square Magazine 1st issue Tribune de Gen\u00e8ve En avril, d\u00e9couvrez statues de verre et jolies huiles S\u00ec March 2014 No. 12<\/p>\n","protected":false},"author":1,"featured_media":0,"parent":0,"menu_order":0,"comment_status":"closed","ping_status":"closed","template":"","meta":{"footnotes":""},"class_list":["post-300","page","type-page","status-publish","hentry"],"_links":{"self":[{"href":"http:\/\/lianzhang.co.uk\/index.php?rest_route=\/wp\/v2\/pages\/300","targetHints":{"allow":["GET"]}}],"collection":[{"href":"http:\/\/lianzhang.co.uk\/index.php?rest_route=\/wp\/v2\/pages"}],"about":[{"href":"http:\/\/lianzhang.co.uk\/index.php?rest_route=\/wp\/v2\/types\/page"}],"author":[{"embeddable":true,"href":"http:\/\/lianzhang.co.uk\/index.php?rest_route=\/wp\/v2\/users\/1"}],"replies":[{"embeddable":true,"href":"http:\/\/lianzhang.co.uk\/index.php?rest_route=%2Fwp%2Fv2%2Fcomments&post=300"}],"version-history":[{"count":5,"href":"http:\/\/lianzhang.co.uk\/index.php?rest_route=\/wp\/v2\/pages\/300\/revisions"}],"predecessor-version":[{"id":397,"href":"http:\/\/lianzhang.co.uk\/index.php?rest_route=\/wp\/v2\/pages\/300\/revisions\/397"}],"wp:attachment":[{"href":"http:\/\/lianzhang.co.uk\/index.php?rest_route=%2Fwp%2Fv2%2Fmedia&parent=300"}],"curies":[{"name":"wp","href":"https:\/\/api.w.org\/{rel}","templated":true}]}}